{"id":11,"date":"2023-10-08T12:23:16","date_gmt":"2023-10-08T12:23:16","guid":{"rendered":"https:\/\/tic-control.com\/?page_id=11"},"modified":"2023-10-10T22:29:30","modified_gmt":"2023-10-10T22:29:30","slug":"accueil","status":"publish","type":"page","link":"https:\/\/tic-control.com\/index.php\/accueil\/","title":{"rendered":"TECHNICAL INSPECTION CONTROL"},"content":{"rendered":"\n<div class=\"wp-block-cover alignwide\" style=\"min-height:580px\"><span aria-hidden=\"true\" class=\"wp-block-cover__background has-background-dim\"><\/span><img decoding=\"async\" loading=\"lazy\" width=\"1024\" height=\"564\" class=\"wp-block-cover__image-background wp-image-23\" alt=\"\" src=\"https:\/\/tic-control.com\/wp-content\/uploads\/2023\/10\/baig-dalger-2-acccurad-1024x564.jpg\" data-object-fit=\"cover\" srcset=\"https:\/\/tic-control.com\/wp-content\/uploads\/2023\/10\/baig-dalger-2-acccurad-1024x564.jpg 1024w, https:\/\/tic-control.com\/wp-content\/uploads\/2023\/10\/baig-dalger-2-acccurad-300x165.jpg 300w, https:\/\/tic-control.com\/wp-content\/uploads\/2023\/10\/baig-dalger-2-acccurad-768x423.jpg 768w, https:\/\/tic-control.com\/wp-content\/uploads\/2023\/10\/baig-dalger-2-acccurad.jpg 1359w\" sizes=\"(max-width: 1024px) 100vw, 1024px\" \/><div class=\"wp-block-cover__inner-container is-layout-flow wp-block-cover-is-layout-flow\">\n<p class=\"has-text-align-left has-big-font-size\"><strong>Le nouveau Dosim\u00e8tre Personel ACCURAD de Mirion, pour les personnels de terrain<\/strong>: une sensibilit\u00e9 in\u00e9gal\u00e9e<\/p>\n\n\n\n<p class=\"has-text-align-center\">Mesurez les risques Radiologiques avec pr\u00e9cision<\/p>\n\n\n\n<p><\/p>\n<\/div><\/div>\n\n\n\n<div class=\"wp-block-media-text alignwide is-stacked-on-mobile\"><figure class=\"wp-block-media-text__media\"><img decoding=\"async\" loading=\"lazy\" width=\"734\" height=\"904\" src=\"https:\/\/tic-control.com\/wp-content\/uploads\/2023\/10\/Image-3-calibration-range.jpg\" alt=\"\" class=\"wp-image-24 size-full\" srcset=\"https:\/\/tic-control.com\/wp-content\/uploads\/2023\/10\/Image-3-calibration-range.jpg 734w, https:\/\/tic-control.com\/wp-content\/uploads\/2023\/10\/Image-3-calibration-range-244x300.jpg 244w\" sizes=\"(max-width: 734px) 100vw, 734px\" \/><\/figure><div class=\"wp-block-media-text__content\">\n<h2 class=\"wp-block-heading\">TIC Investit en Alg\u00e9rietout azimut dans les sciences<\/h2>\n\n\n\n<ul>\n<li class=\"has-medium-font-size\">M\u00e9trologie et de la Calibration<\/li>\n\n\n\n<li class=\"has-medium-font-size\">Maintenance, et r\u00e9paration des<\/li>\n\n\n\n<li class=\"has-medium-font-size\">Dosim\u00e8tres<\/li>\n\n\n\n<li class=\"has-medium-font-size\">Capteurs Chimiques<\/li>\n\n\n\n<li class=\"has-medium-font-size\">Remplacement des composants de<\/li>\n\n\n\n<li class=\"has-medium-font-size\">Spectroscopie XRF<\/li>\n\n\n\n<li class=\"has-medium-font-size\">Mise \u00e0 jour des logiciels<\/li>\n\n\n\n<li class=\"has-medium-font-size\">Maintenance des D\u00e9tecteurs IMS<\/li>\n\n\n\n<li class=\"has-medium-font-size\">Surveillance des niveaux de Mercure<\/li>\n\n\n\n<li class=\"has-medium-font-size\">Nouveau service : Inspection des pipelines Scanners CND Location et maintenance<\/li>\n<\/ul>\n<\/div><\/div>\n\n\n\n<p class=\"has-big-font-size\">Les points forts de TIC Technologies<\/p>\n\n\n\n<div class=\"wp-block-media-text alignwide has-media-on-the-right is-stacked-on-mobile\"><div class=\"wp-block-media-text__content\">\n<ul>\n<li class=\"has-medium-font-size\">Excellence Technologique : TIC Technologies se distingue par son statut de pionnier en Alg\u00e9rie, offrant une technologie de calibration de pointe qui garantit des mesures d&#8217;une pr\u00e9cision in\u00e9gal\u00e9e.<\/li>\n\n\n\n<li class=\"has-medium-font-size\">Fiabilit\u00e9 Garantie : Notre laboratoire de calibration est \u00e9quip\u00e9 des derni\u00e8res technologies et est g\u00e9r\u00e9 par une \u00e9quipe d&#8217;experts hautement qualifi\u00e9s, assurant des r\u00e9sultats pr\u00e9cis et fiables \u00e0 chaque fois.<\/li>\n\n\n\n<li class=\"has-medium-font-size\">Solutions Sur Mesure : Nous comprenons que chaque client a des besoins sp\u00e9cifiques.<\/li>\n\n\n\n<li class=\"has-medium-font-size\">C&#8217;est pourquoi nous personnalisons nos services pour r\u00e9pondre aux exigences uniques de  votre industrie.<\/li>\n<\/ul>\n<\/div><figure class=\"wp-block-media-text__media\"><img decoding=\"async\" loading=\"lazy\" width=\"1024\" height=\"683\" src=\"https:\/\/tic-control.com\/wp-content\/uploads\/2023\/10\/radiation-protection-and-monitoring-1024x683.jpg\" alt=\"\" class=\"wp-image-25 size-full\" srcset=\"https:\/\/tic-control.com\/wp-content\/uploads\/2023\/10\/radiation-protection-and-monitoring-1024x683.jpg 1024w, https:\/\/tic-control.com\/wp-content\/uploads\/2023\/10\/radiation-protection-and-monitoring-300x200.jpg 300w, https:\/\/tic-control.com\/wp-content\/uploads\/2023\/10\/radiation-protection-and-monitoring-768x513.jpg 768w, https:\/\/tic-control.com\/wp-content\/uploads\/2023\/10\/radiation-protection-and-monitoring.jpg 1440w\" sizes=\"(max-width: 1024px) 100vw, 1024px\" \/><\/figure><\/div>\n","protected":false},"excerpt":{"rendered":"<p>Les points forts de TIC Technologies<\/p>\n","protected":false},"author":1,"featured_media":0,"parent":0,"menu_order":0,"comment_status":"closed","ping_status":"closed","template":"","meta":{"footnotes":""},"_links":{"self":[{"href":"https:\/\/tic-control.com\/index.php\/wp-json\/wp\/v2\/pages\/11"}],"collection":[{"href":"https:\/\/tic-control.com\/index.php\/wp-json\/wp\/v2\/pages"}],"about":[{"href":"https:\/\/tic-control.com\/index.php\/wp-json\/wp\/v2\/types\/page"}],"author":[{"embeddable":true,"href":"https:\/\/tic-control.com\/index.php\/wp-json\/wp\/v2\/users\/1"}],"replies":[{"embeddable":true,"href":"https:\/\/tic-control.com\/index.php\/wp-json\/wp\/v2\/comments?post=11"}],"version-history":[{"count":6,"href":"https:\/\/tic-control.com\/index.php\/wp-json\/wp\/v2\/pages\/11\/revisions"}],"predecessor-version":[{"id":52,"href":"https:\/\/tic-control.com\/index.php\/wp-json\/wp\/v2\/pages\/11\/revisions\/52"}],"wp:attachment":[{"href":"https:\/\/tic-control.com\/index.php\/wp-json\/wp\/v2\/media?parent=11"}],"curies":[{"name":"wp","href":"https:\/\/api.w.org\/{rel}","templated":true}]}}